{"id":277,"date":"2024-04-25T19:57:06","date_gmt":"2024-04-25T19:57:06","guid":{"rendered":"https:\/\/dgdmediaagency.at\/?page_id=277"},"modified":"2024-05-25T17:45:32","modified_gmt":"2024-05-25T17:45:32","slug":"kontaktformular","status":"publish","type":"page","link":"https:\/\/dgdmediaagency.at\/home\/kontaktformular\/","title":{"rendered":"Kontaktformular"},"content":{"rendered":"","protected":false},"excerpt":{"rendered":"","protected":false},"author":1,"featured_media":0,"parent":0,"menu_order":0,"comment_status":"closed","ping_status":"closed","template":"kontaktformular","meta":{"footnotes":""},"class_list":["post-277","page","type-page","status-publish","hentry"],"yoast_head":"<!-- This site is optimized with the Yoast SEO plugin v27.5 - https:\/\/yoast.com\/product\/yoast-seo-wordpress\/ -->\n<title>- DGD Media Agency<\/title>\n<meta name=\"description\" content=\"Treten Sie mit uns in Kontakt f\u00fcr ma\u00dfgeschneiderte L\u00f6sungen und w\u00e4hlen Sie vorab Services, die Sie interessieren.\" \/>\n<meta name=\"robots\" content=\"index, follow, max-snippet:-1, max-image-preview:large, max-video-preview:-1\" \/>\n<link rel=\"canonical\" href=\"https:\/\/dgdmediaagency.at\/home\/kontaktformular\/\" \/>\n<meta property=\"og:locale\" content=\"de_DE\" \/>\n<meta property=\"og:type\" content=\"article\" \/>\n<meta property=\"og:title\" content=\"- DGD Media Agency\" \/>\n<meta property=\"og:description\" content=\"Treten Sie mit uns in Kontakt f\u00fcr ma\u00dfgeschneiderte L\u00f6sungen und w\u00e4hlen Sie vorab Services, die Sie interessieren.\" \/>\n<meta property=\"og:url\" content=\"https:\/\/dgdmediaagency.at\/home\/kontaktformular\/\" \/>\n<meta property=\"og:site_name\" content=\"DGD Media Agency\" \/>\n<meta property=\"article:modified_time\" content=\"2024-05-25T17:45:32+00:00\" \/>\n<meta name=\"twitter:card\" content=\"summary_large_image\" \/>\n<script type=\"application\/ld+json\" class=\"yoast-schema-graph\">{\"@context\":\"https:\\\/\\\/schema.org\",\"@graph\":[{\"@type\":\"WebPage\",\"@id\":\"https:\\\/\\\/dgdmediaagency.at\\\/home\\\/kontaktformular\\\/\",\"url\":\"https:\\\/\\\/dgdmediaagency.at\\\/home\\\/kontaktformular\\\/\",\"name\":\"- DGD Media Agency\",\"isPartOf\":{\"@id\":\"https:\\\/\\\/dgdmediaagency.at\\\/home\\\/#website\"},\"datePublished\":\"2024-04-25T19:57:06+00:00\",\"dateModified\":\"2024-05-25T17:45:32+00:00\",\"description\":\"Treten Sie mit uns in Kontakt f\u00fcr ma\u00dfgeschneiderte L\u00f6sungen und w\u00e4hlen Sie vorab Services, die Sie interessieren.\",\"breadcrumb\":{\"@id\":\"https:\\\/\\\/dgdmediaagency.at\\\/home\\\/kontaktformular\\\/#breadcrumb\"},\"inLanguage\":\"de\",\"potentialAction\":[{\"@type\":\"ReadAction\",\"target\":[\"https:\\\/\\\/dgdmediaagency.at\\\/home\\\/kontaktformular\\\/\"]}]},{\"@type\":\"BreadcrumbList\",\"@id\":\"https:\\\/\\\/dgdmediaagency.at\\\/home\\\/kontaktformular\\\/#breadcrumb\",\"itemListElement\":[{\"@type\":\"ListItem\",\"position\":1,\"name\":\"Startseite\",\"item\":\"https:\\\/\\\/dgdmediaagency.at\\\/home\\\/\"},{\"@type\":\"ListItem\",\"position\":2,\"name\":\"Kontaktformular\"}]},{\"@type\":\"WebSite\",\"@id\":\"https:\\\/\\\/dgdmediaagency.at\\\/home\\\/#website\",\"url\":\"https:\\\/\\\/dgdmediaagency.at\\\/home\\\/\",\"name\":\"DGD Media Agency\",\"description\":\"office@dgdmediaagency.at\",\"publisher\":{\"@id\":\"https:\\\/\\\/dgdmediaagency.at\\\/home\\\/#organization\"},\"alternateName\":\"DGD Media Agency\",\"potentialAction\":[{\"@type\":\"SearchAction\",\"target\":{\"@type\":\"EntryPoint\",\"urlTemplate\":\"https:\\\/\\\/dgdmediaagency.at\\\/home\\\/?s={search_term_string}\"},\"query-input\":{\"@type\":\"PropertyValueSpecification\",\"valueRequired\":true,\"valueName\":\"search_term_string\"}}],\"inLanguage\":\"de\"},{\"@type\":\"Organization\",\"@id\":\"https:\\\/\\\/dgdmediaagency.at\\\/home\\\/#organization\",\"name\":\"DGD Media Agency\",\"url\":\"https:\\\/\\\/dgdmediaagency.at\\\/home\\\/\",\"logo\":{\"@type\":\"ImageObject\",\"inLanguage\":\"de\",\"@id\":\"https:\\\/\\\/dgdmediaagency.at\\\/home\\\/#\\\/schema\\\/logo\\\/image\\\/\",\"url\":\"https:\\\/\\\/dgdmediaagency.at\\\/wp-content\\\/uploads\\\/2024\\\/04\\\/transparent_schrift_schwarz-1-e1713389235962.png\",\"contentUrl\":\"https:\\\/\\\/dgdmediaagency.at\\\/wp-content\\\/uploads\\\/2024\\\/04\\\/transparent_schrift_schwarz-1-e1713389235962.png\",\"width\":1185,\"height\":367,\"caption\":\"DGD Media Agency\"},\"image\":{\"@id\":\"https:\\\/\\\/dgdmediaagency.at\\\/home\\\/#\\\/schema\\\/logo\\\/image\\\/\"},\"sameAs\":[\"https:\\\/\\\/www.linkedin.com\\\/company\\\/102453343\\\/admin\\\/feed\\\/posts\\\/?feedType=following\",\"https:\\\/\\\/www.instagram.com\\\/dgdmediaagency\"]}]}<\/script>\n<!-- \/ Yoast SEO plugin. -->","yoast_head_json":{"title":"- DGD Media Agency","description":"Treten Sie mit uns in Kontakt f\u00fcr ma\u00dfgeschneiderte L\u00f6sungen und w\u00e4hlen Sie vorab Services, die Sie interessieren.","robots":{"index":"index","follow":"follow","max-snippet":"max-snippet:-1","max-image-preview":"max-image-preview:large","max-video-preview":"max-video-preview:-1"},"canonical":"https:\/\/dgdmediaagency.at\/home\/kontaktformular\/","og_locale":"de_DE","og_type":"article","og_title":"- DGD Media Agency","og_description":"Treten Sie mit uns in Kontakt f\u00fcr ma\u00dfgeschneiderte L\u00f6sungen und w\u00e4hlen Sie vorab Services, die Sie interessieren.","og_url":"https:\/\/dgdmediaagency.at\/home\/kontaktformular\/","og_site_name":"DGD Media Agency","article_modified_time":"2024-05-25T17:45:32+00:00","twitter_card":"summary_large_image","schema":{"@context":"https:\/\/schema.org","@graph":[{"@type":"WebPage","@id":"https:\/\/dgdmediaagency.at\/home\/kontaktformular\/","url":"https:\/\/dgdmediaagency.at\/home\/kontaktformular\/","name":"- DGD Media Agency","isPartOf":{"@id":"https:\/\/dgdmediaagency.at\/home\/#website"},"datePublished":"2024-04-25T19:57:06+00:00","dateModified":"2024-05-25T17:45:32+00:00","description":"Treten Sie mit uns in Kontakt f\u00fcr ma\u00dfgeschneiderte L\u00f6sungen und w\u00e4hlen Sie vorab Services, die Sie interessieren.","breadcrumb":{"@id":"https:\/\/dgdmediaagency.at\/home\/kontaktformular\/#breadcrumb"},"inLanguage":"de","potentialAction":[{"@type":"ReadAction","target":["https:\/\/dgdmediaagency.at\/home\/kontaktformular\/"]}]},{"@type":"BreadcrumbList","@id":"https:\/\/dgdmediaagency.at\/home\/kontaktformular\/#breadcrumb","itemListElement":[{"@type":"ListItem","position":1,"name":"Startseite","item":"https:\/\/dgdmediaagency.at\/home\/"},{"@type":"ListItem","position":2,"name":"Kontaktformular"}]},{"@type":"WebSite","@id":"https:\/\/dgdmediaagency.at\/home\/#website","url":"https:\/\/dgdmediaagency.at\/home\/","name":"DGD Media Agency","description":"office@dgdmediaagency.at","publisher":{"@id":"https:\/\/dgdmediaagency.at\/home\/#organization"},"alternateName":"DGD Media Agency","potentialAction":[{"@type":"SearchAction","target":{"@type":"EntryPoint","urlTemplate":"https:\/\/dgdmediaagency.at\/home\/?s={search_term_string}"},"query-input":{"@type":"PropertyValueSpecification","valueRequired":true,"valueName":"search_term_string"}}],"inLanguage":"de"},{"@type":"Organization","@id":"https:\/\/dgdmediaagency.at\/home\/#organization","name":"DGD Media Agency","url":"https:\/\/dgdmediaagency.at\/home\/","logo":{"@type":"ImageObject","inLanguage":"de","@id":"https:\/\/dgdmediaagency.at\/home\/#\/schema\/logo\/image\/","url":"https:\/\/dgdmediaagency.at\/wp-content\/uploads\/2024\/04\/transparent_schrift_schwarz-1-e1713389235962.png","contentUrl":"https:\/\/dgdmediaagency.at\/wp-content\/uploads\/2024\/04\/transparent_schrift_schwarz-1-e1713389235962.png","width":1185,"height":367,"caption":"DGD Media Agency"},"image":{"@id":"https:\/\/dgdmediaagency.at\/home\/#\/schema\/logo\/image\/"},"sameAs":["https:\/\/www.linkedin.com\/company\/102453343\/admin\/feed\/posts\/?feedType=following","https:\/\/www.instagram.com\/dgdmediaagency"]}]}},"_links":{"self":[{"href":"https:\/\/dgdmediaagency.at\/home\/wp-json\/wp\/v2\/pages\/277","targetHints":{"allow":["GET"]}}],"collection":[{"href":"https:\/\/dgdmediaagency.at\/home\/wp-json\/wp\/v2\/pages"}],"about":[{"href":"https:\/\/dgdmediaagency.at\/home\/wp-json\/wp\/v2\/types\/page"}],"author":[{"embeddable":true,"href":"https:\/\/dgdmediaagency.at\/home\/wp-json\/wp\/v2\/users\/1"}],"replies":[{"embeddable":true,"href":"https:\/\/dgdmediaagency.at\/home\/wp-json\/wp\/v2\/comments?post=277"}],"version-history":[{"count":7,"href":"https:\/\/dgdmediaagency.at\/home\/wp-json\/wp\/v2\/pages\/277\/revisions"}],"predecessor-version":[{"id":9598,"href":"https:\/\/dgdmediaagency.at\/home\/wp-json\/wp\/v2\/pages\/277\/revisions\/9598"}],"wp:attachment":[{"href":"https:\/\/dgdmediaagency.at\/home\/wp-json\/wp\/v2\/media?parent=277"}],"curies":[{"name":"wp","href":"https:\/\/api.w.org\/{rel}","templated":true}]}}