{"id":201,"date":"2024-04-22T19:43:13","date_gmt":"2024-04-22T19:43:13","guid":{"rendered":"https:\/\/dgdmediaagency.at\/?page_id=201"},"modified":"2024-05-30T06:27:24","modified_gmt":"2024-05-30T06:27:24","slug":"impressum","status":"publish","type":"page","link":"https:\/\/dgdmediaagency.at\/home\/impressum\/","title":{"rendered":"Impressum"},"content":{"rendered":"\t\t<div data-elementor-type=\"wp-page\" data-elementor-id=\"201\" class=\"elementor elementor-201\">\n\t\t\t\t<div class=\"elementor-element elementor-element-f956b52 e-flex e-con-boxed e-con e-parent\" data-id=\"f956b52\" data-element_type=\"container\" data-e-type=\"container\" data-settings=\"{&quot;background_background&quot;:&quot;classic&quot;}\">\n\t\t\t\t\t<div class=\"e-con-inner\">\n\t\t\t\t<div class=\"elementor-element elementor-element-d06ce10 elementor-widget elementor-widget-spacer\" data-id=\"d06ce10\" data-element_type=\"widget\" data-e-type=\"widget\" data-widget_type=\"spacer.default\">\n\t\t\t\t<div class=\"elementor-widget-container\">\n\t\t\t\t\t\t\t<div class=\"elementor-spacer\">\n\t\t\t<div class=\"elementor-spacer-inner\"><\/div>\n\t\t<\/div>\n\t\t\t\t\t\t<\/div>\n\t\t\t\t<\/div>\n\t\t\t\t<div class=\"elementor-element elementor-element-8be87d0 elementor-widget elementor-widget-heading\" data-id=\"8be87d0\" data-element_type=\"widget\" data-e-type=\"widget\" data-widget_type=\"heading.default\">\n\t\t\t\t<div class=\"elementor-widget-container\">\n\t\t\t\t\t<h2 class=\"elementor-heading-title elementor-size-default\">Impressum<\/h2>\t\t\t\t<\/div>\n\t\t\t\t<\/div>\n\t\t\t\t<div class=\"elementor-element elementor-element-a1c7b9b elementor-widget elementor-widget-spacer\" data-id=\"a1c7b9b\" data-element_type=\"widget\" data-e-type=\"widget\" data-widget_type=\"spacer.default\">\n\t\t\t\t<div class=\"elementor-widget-container\">\n\t\t\t\t\t\t\t<div class=\"elementor-spacer\">\n\t\t\t<div class=\"elementor-spacer-inner\"><\/div>\n\t\t<\/div>\n\t\t\t\t\t\t<\/div>\n\t\t\t\t<\/div>\n\t\t<div class=\"elementor-element elementor-element-9d9016d e-grid e-con-boxed e-con e-child\" data-id=\"9d9016d\" data-element_type=\"container\" data-e-type=\"container\">\n\t\t\t\t\t<div class=\"e-con-inner\">\n\t\t\t\t<div class=\"elementor-element elementor-element-2c4a819 elementor-widget elementor-widget-image\" data-id=\"2c4a819\" data-element_type=\"widget\" data-e-type=\"widget\" data-widget_type=\"image.default\">\n\t\t\t\t<div class=\"elementor-widget-container\">\n\t\t\t\t\t\t\t\t\t\t\t\t\t\t\t<img fetchpriority=\"high\" decoding=\"async\" width=\"512\" height=\"512\" src=\"https:\/\/dgdmediaagency.at\/wp-content\/uploads\/2024\/04\/cropped-schwarzerbackround-2.png\" class=\"attachment-large size-large wp-image-162\" alt=\"Schwarzes Logo von DGD Media\" srcset=\"https:\/\/dgdmediaagency.at\/wp-content\/uploads\/2024\/04\/cropped-schwarzerbackround-2.png 512w, https:\/\/dgdmediaagency.at\/wp-content\/uploads\/2024\/04\/cropped-schwarzerbackround-2-300x300.png 300w, https:\/\/dgdmediaagency.at\/wp-content\/uploads\/2024\/04\/cropped-schwarzerbackround-2-150x150.png 150w, https:\/\/dgdmediaagency.at\/wp-content\/uploads\/2024\/04\/cropped-schwarzerbackround-2-270x270.png 270w, https:\/\/dgdmediaagency.at\/wp-content\/uploads\/2024\/04\/cropped-schwarzerbackround-2-192x192.png 192w, https:\/\/dgdmediaagency.at\/wp-content\/uploads\/2024\/04\/cropped-schwarzerbackround-2-180x180.png 180w, https:\/\/dgdmediaagency.at\/wp-content\/uploads\/2024\/04\/cropped-schwarzerbackround-2-32x32.png 32w\" sizes=\"(max-width: 512px) 100vw, 512px\" \/>\t\t\t\t\t\t\t\t\t\t\t\t\t\t\t<\/div>\n\t\t\t\t<\/div>\n\t\t\t\t<div class=\"elementor-element elementor-element-a26db2a elementor-widget elementor-widget-text-editor\" data-id=\"a26db2a\" data-element_type=\"widget\" data-e-type=\"widget\" data-widget_type=\"text-editor.default\">\n\t\t\t\t<div class=\"elementor-widget-container\">\n\t\t\t\t\t\t\t\t\t<p><strong>DGD Media Agency GesBR<\/strong><\/p><p>Grillgasse 19\/53, <br \/>1110 Wien<\/p><p>Gesch\u00e4ftsf\u00fchrender Gesellschafter: Dennis Steidl<br \/>Gesch\u00e4ftsf\u00fchrender Gesellschafter: G\u00fcnter Erben<br \/>Gesch\u00e4ftsf\u00fchrender Gesellschafter: Daniel Maitz<\/p><p>Mail: office@dgdmediaagency.at<\/p>\t\t\t\t\t\t\t\t<\/div>\n\t\t\t\t<\/div>\n\t\t\t\t\t<\/div>\n\t\t\t\t<\/div>\n\t\t\t\t\t<\/div>\n\t\t\t\t<\/div>\n\t\t\t\t<\/div>\n\t\t","protected":false},"excerpt":{"rendered":"<p>Impressum DGD Media Agency GesBR Grillgasse 19\/53, 1110 Wien Gesch\u00e4ftsf\u00fchrender Gesellschafter: Dennis SteidlGesch\u00e4ftsf\u00fchrender Gesellschafter: G\u00fcnter ErbenGesch\u00e4ftsf\u00fchrender Gesellschafter: Daniel Maitz Mail: office@dgdmediaagency.at<\/p>\n","protected":false},"author":1,"featured_media":0,"parent":0,"menu_order":0,"comment_status":"closed","ping_status":"closed","template":"impressum","meta":{"footnotes":""},"class_list":["post-201","page","type-page","status-publish","hentry"],"yoast_head":"<!-- This site is optimized with the Yoast SEO plugin v27.5 - https:\/\/yoast.com\/product\/yoast-seo-wordpress\/ -->\n<title>- DGD Media Agency<\/title>\n<meta name=\"description\" content=\"Unser Impressum bietet Ihnen alle notwendigen Informationen \u00fcber unser Unternehmen. Rechtliche Angaben und Informationen.\" \/>\n<meta name=\"robots\" content=\"index, follow, max-snippet:-1, max-image-preview:large, max-video-preview:-1\" \/>\n<link rel=\"canonical\" href=\"https:\/\/dgdmediaagency.at\/home\/impressum\/\" \/>\n<meta property=\"og:locale\" content=\"de_DE\" \/>\n<meta property=\"og:type\" content=\"article\" \/>\n<meta property=\"og:title\" content=\"- DGD Media Agency\" \/>\n<meta property=\"og:description\" content=\"Unser Impressum bietet Ihnen alle notwendigen Informationen \u00fcber unser Unternehmen. Rechtliche Angaben und Informationen.\" \/>\n<meta property=\"og:url\" content=\"https:\/\/dgdmediaagency.at\/home\/impressum\/\" \/>\n<meta property=\"og:site_name\" content=\"DGD Media Agency\" \/>\n<meta property=\"article:modified_time\" content=\"2024-05-30T06:27:24+00:00\" \/>\n<meta property=\"og:image\" content=\"https:\/\/dgdmediaagency.at\/wp-content\/uploads\/2024\/04\/cropped-schwarzerbackround-2.png\" \/>\n<meta name=\"twitter:card\" content=\"summary_large_image\" \/>\n<meta name=\"twitter:label1\" content=\"Gesch\u00e4tzte Lesezeit\" \/>\n\t<meta name=\"twitter:data1\" content=\"1\u00a0Minute\" \/>\n<script type=\"application\/ld+json\" class=\"yoast-schema-graph\">{\"@context\":\"https:\\\/\\\/schema.org\",\"@graph\":[{\"@type\":\"WebPage\",\"@id\":\"https:\\\/\\\/dgdmediaagency.at\\\/home\\\/impressum\\\/\",\"url\":\"https:\\\/\\\/dgdmediaagency.at\\\/home\\\/impressum\\\/\",\"name\":\"- DGD Media Agency\",\"isPartOf\":{\"@id\":\"https:\\\/\\\/dgdmediaagency.at\\\/home\\\/#website\"},\"primaryImageOfPage\":{\"@id\":\"https:\\\/\\\/dgdmediaagency.at\\\/home\\\/impressum\\\/#primaryimage\"},\"image\":{\"@id\":\"https:\\\/\\\/dgdmediaagency.at\\\/home\\\/impressum\\\/#primaryimage\"},\"thumbnailUrl\":\"https:\\\/\\\/dgdmediaagency.at\\\/wp-content\\\/uploads\\\/2024\\\/04\\\/cropped-schwarzerbackround-2.png\",\"datePublished\":\"2024-04-22T19:43:13+00:00\",\"dateModified\":\"2024-05-30T06:27:24+00:00\",\"description\":\"Unser Impressum bietet Ihnen alle notwendigen Informationen \u00fcber unser Unternehmen. Rechtliche Angaben und Informationen.\",\"breadcrumb\":{\"@id\":\"https:\\\/\\\/dgdmediaagency.at\\\/home\\\/impressum\\\/#breadcrumb\"},\"inLanguage\":\"de\",\"potentialAction\":[{\"@type\":\"ReadAction\",\"target\":[\"https:\\\/\\\/dgdmediaagency.at\\\/home\\\/impressum\\\/\"]}]},{\"@type\":\"ImageObject\",\"inLanguage\":\"de\",\"@id\":\"https:\\\/\\\/dgdmediaagency.at\\\/home\\\/impressum\\\/#primaryimage\",\"url\":\"https:\\\/\\\/dgdmediaagency.at\\\/wp-content\\\/uploads\\\/2024\\\/04\\\/cropped-schwarzerbackround-2.png\",\"contentUrl\":\"https:\\\/\\\/dgdmediaagency.at\\\/wp-content\\\/uploads\\\/2024\\\/04\\\/cropped-schwarzerbackround-2.png\"},{\"@type\":\"BreadcrumbList\",\"@id\":\"https:\\\/\\\/dgdmediaagency.at\\\/home\\\/impressum\\\/#breadcrumb\",\"itemListElement\":[{\"@type\":\"ListItem\",\"position\":1,\"name\":\"Startseite\",\"item\":\"https:\\\/\\\/dgdmediaagency.at\\\/home\\\/\"},{\"@type\":\"ListItem\",\"position\":2,\"name\":\"Impressum\"}]},{\"@type\":\"WebSite\",\"@id\":\"https:\\\/\\\/dgdmediaagency.at\\\/home\\\/#website\",\"url\":\"https:\\\/\\\/dgdmediaagency.at\\\/home\\\/\",\"name\":\"DGD Media Agency\",\"description\":\"office@dgdmediaagency.at\",\"publisher\":{\"@id\":\"https:\\\/\\\/dgdmediaagency.at\\\/home\\\/#organization\"},\"alternateName\":\"DGD Media Agency\",\"potentialAction\":[{\"@type\":\"SearchAction\",\"target\":{\"@type\":\"EntryPoint\",\"urlTemplate\":\"https:\\\/\\\/dgdmediaagency.at\\\/home\\\/?s={search_term_string}\"},\"query-input\":{\"@type\":\"PropertyValueSpecification\",\"valueRequired\":true,\"valueName\":\"search_term_string\"}}],\"inLanguage\":\"de\"},{\"@type\":\"Organization\",\"@id\":\"https:\\\/\\\/dgdmediaagency.at\\\/home\\\/#organization\",\"name\":\"DGD Media Agency\",\"url\":\"https:\\\/\\\/dgdmediaagency.at\\\/home\\\/\",\"logo\":{\"@type\":\"ImageObject\",\"inLanguage\":\"de\",\"@id\":\"https:\\\/\\\/dgdmediaagency.at\\\/home\\\/#\\\/schema\\\/logo\\\/image\\\/\",\"url\":\"https:\\\/\\\/dgdmediaagency.at\\\/wp-content\\\/uploads\\\/2024\\\/04\\\/transparent_schrift_schwarz-1-e1713389235962.png\",\"contentUrl\":\"https:\\\/\\\/dgdmediaagency.at\\\/wp-content\\\/uploads\\\/2024\\\/04\\\/transparent_schrift_schwarz-1-e1713389235962.png\",\"width\":1185,\"height\":367,\"caption\":\"DGD Media Agency\"},\"image\":{\"@id\":\"https:\\\/\\\/dgdmediaagency.at\\\/home\\\/#\\\/schema\\\/logo\\\/image\\\/\"},\"sameAs\":[\"https:\\\/\\\/www.linkedin.com\\\/company\\\/102453343\\\/admin\\\/feed\\\/posts\\\/?feedType=following\",\"https:\\\/\\\/www.instagram.com\\\/dgdmediaagency\"]}]}<\/script>\n<!-- \/ Yoast SEO plugin. -->","yoast_head_json":{"title":"- DGD Media Agency","description":"Unser Impressum bietet Ihnen alle notwendigen Informationen \u00fcber unser Unternehmen. Rechtliche Angaben und Informationen.","robots":{"index":"index","follow":"follow","max-snippet":"max-snippet:-1","max-image-preview":"max-image-preview:large","max-video-preview":"max-video-preview:-1"},"canonical":"https:\/\/dgdmediaagency.at\/home\/impressum\/","og_locale":"de_DE","og_type":"article","og_title":"- DGD Media Agency","og_description":"Unser Impressum bietet Ihnen alle notwendigen Informationen \u00fcber unser Unternehmen. Rechtliche Angaben und Informationen.","og_url":"https:\/\/dgdmediaagency.at\/home\/impressum\/","og_site_name":"DGD Media Agency","article_modified_time":"2024-05-30T06:27:24+00:00","og_image":[{"url":"https:\/\/dgdmediaagency.at\/wp-content\/uploads\/2024\/04\/cropped-schwarzerbackround-2.png","type":"","width":"","height":""}],"twitter_card":"summary_large_image","twitter_misc":{"Gesch\u00e4tzte Lesezeit":"1\u00a0Minute"},"schema":{"@context":"https:\/\/schema.org","@graph":[{"@type":"WebPage","@id":"https:\/\/dgdmediaagency.at\/home\/impressum\/","url":"https:\/\/dgdmediaagency.at\/home\/impressum\/","name":"- DGD Media Agency","isPartOf":{"@id":"https:\/\/dgdmediaagency.at\/home\/#website"},"primaryImageOfPage":{"@id":"https:\/\/dgdmediaagency.at\/home\/impressum\/#primaryimage"},"image":{"@id":"https:\/\/dgdmediaagency.at\/home\/impressum\/#primaryimage"},"thumbnailUrl":"https:\/\/dgdmediaagency.at\/wp-content\/uploads\/2024\/04\/cropped-schwarzerbackround-2.png","datePublished":"2024-04-22T19:43:13+00:00","dateModified":"2024-05-30T06:27:24+00:00","description":"Unser Impressum bietet Ihnen alle notwendigen Informationen \u00fcber unser Unternehmen. Rechtliche Angaben und Informationen.","breadcrumb":{"@id":"https:\/\/dgdmediaagency.at\/home\/impressum\/#breadcrumb"},"inLanguage":"de","potentialAction":[{"@type":"ReadAction","target":["https:\/\/dgdmediaagency.at\/home\/impressum\/"]}]},{"@type":"ImageObject","inLanguage":"de","@id":"https:\/\/dgdmediaagency.at\/home\/impressum\/#primaryimage","url":"https:\/\/dgdmediaagency.at\/wp-content\/uploads\/2024\/04\/cropped-schwarzerbackround-2.png","contentUrl":"https:\/\/dgdmediaagency.at\/wp-content\/uploads\/2024\/04\/cropped-schwarzerbackround-2.png"},{"@type":"BreadcrumbList","@id":"https:\/\/dgdmediaagency.at\/home\/impressum\/#breadcrumb","itemListElement":[{"@type":"ListItem","position":1,"name":"Startseite","item":"https:\/\/dgdmediaagency.at\/home\/"},{"@type":"ListItem","position":2,"name":"Impressum"}]},{"@type":"WebSite","@id":"https:\/\/dgdmediaagency.at\/home\/#website","url":"https:\/\/dgdmediaagency.at\/home\/","name":"DGD Media Agency","description":"office@dgdmediaagency.at","publisher":{"@id":"https:\/\/dgdmediaagency.at\/home\/#organization"},"alternateName":"DGD Media Agency","potentialAction":[{"@type":"SearchAction","target":{"@type":"EntryPoint","urlTemplate":"https:\/\/dgdmediaagency.at\/home\/?s={search_term_string}"},"query-input":{"@type":"PropertyValueSpecification","valueRequired":true,"valueName":"search_term_string"}}],"inLanguage":"de"},{"@type":"Organization","@id":"https:\/\/dgdmediaagency.at\/home\/#organization","name":"DGD Media Agency","url":"https:\/\/dgdmediaagency.at\/home\/","logo":{"@type":"ImageObject","inLanguage":"de","@id":"https:\/\/dgdmediaagency.at\/home\/#\/schema\/logo\/image\/","url":"https:\/\/dgdmediaagency.at\/wp-content\/uploads\/2024\/04\/transparent_schrift_schwarz-1-e1713389235962.png","contentUrl":"https:\/\/dgdmediaagency.at\/wp-content\/uploads\/2024\/04\/transparent_schrift_schwarz-1-e1713389235962.png","width":1185,"height":367,"caption":"DGD Media Agency"},"image":{"@id":"https:\/\/dgdmediaagency.at\/home\/#\/schema\/logo\/image\/"},"sameAs":["https:\/\/www.linkedin.com\/company\/102453343\/admin\/feed\/posts\/?feedType=following","https:\/\/www.instagram.com\/dgdmediaagency"]}]}},"_links":{"self":[{"href":"https:\/\/dgdmediaagency.at\/home\/wp-json\/wp\/v2\/pages\/201","targetHints":{"allow":["GET"]}}],"collection":[{"href":"https:\/\/dgdmediaagency.at\/home\/wp-json\/wp\/v2\/pages"}],"about":[{"href":"https:\/\/dgdmediaagency.at\/home\/wp-json\/wp\/v2\/types\/page"}],"author":[{"embeddable":true,"href":"https:\/\/dgdmediaagency.at\/home\/wp-json\/wp\/v2\/users\/1"}],"replies":[{"embeddable":true,"href":"https:\/\/dgdmediaagency.at\/home\/wp-json\/wp\/v2\/comments?post=201"}],"version-history":[{"count":35,"href":"https:\/\/dgdmediaagency.at\/home\/wp-json\/wp\/v2\/pages\/201\/revisions"}],"predecessor-version":[{"id":9595,"href":"https:\/\/dgdmediaagency.at\/home\/wp-json\/wp\/v2\/pages\/201\/revisions\/9595"}],"wp:attachment":[{"href":"https:\/\/dgdmediaagency.at\/home\/wp-json\/wp\/v2\/media?parent=201"}],"curies":[{"name":"wp","href":"https:\/\/api.w.org\/{rel}","templated":true}]}}